{"id":1881,"date":"2022-12-30T17:36:29","date_gmt":"2022-12-30T17:36:29","guid":{"rendered":"https:\/\/bestattungshaus-kunz.de\/?page_id=1881"},"modified":"2022-12-30T22:04:25","modified_gmt":"2022-12-30T22:04:25","slug":"blumen","status":"publish","type":"page","link":"https:\/\/bestattungshaus-kunz.de\/?page_id=1881","title":{"rendered":"BLUMEN"},"content":{"rendered":"\n<style type=\"text\/css\" data-created_by=\"avia_inline_auto\" id=\"style-css-av-dckjc-559d497551a437486956a85f3f71ec15\">\n.avia-section.av-dckjc-559d497551a437486956a85f3f71ec15{\nbackground-repeat:no-repeat;\nbackground-image:url(https:\/\/bestattungshaus-kunz.de\/wp-content\/uploads\/2022\/12\/k004.png);\nbackground-position:50% 0%;\nbackground-attachment:fixed;\n}\n.avia-section.av-dckjc-559d497551a437486956a85f3f71ec15 .av-section-color-overlay{\nopacity:0.4;\nbackground-color:#000000;\n}\n<\/style>\n<div id='av_section_1'  class='avia-section av-dckjc-559d497551a437486956a85f3f71ec15 main_color avia-section-no-padding avia-no-shadow  avia-builder-el-0  el_before_av_section  avia-builder-el-first  av-small-hide av-mini-hide avia-bg-style-fixed av-section-color-overlay-active container_wrap sidebar_right'  data-section-bg-repeat='no-repeat'><div class=\"av-section-color-overlay-wrap\"><div class=\"av-section-color-overlay\"><\/div><div class='container av-section-cont-open' ><main  role=\"main\" itemprop=\"mainContentOfPage\"  class='template-page content  av-content-small alpha units'><div class='post-entry post-entry-type-page post-entry-1881'><div class='entry-content-wrapper clearfix'>\n\n<style type=\"text\/css\" data-created_by=\"avia_inline_auto\" id=\"style-css-av-lcafnuf9-525ab6f87f3628fa999cd8f1c5b53baf\">\n#top .hr.hr-invisible.av-lcafnuf9-525ab6f87f3628fa999cd8f1c5b53baf{\nheight:250px;\n}\n<\/style>\n<div  class='hr av-lcafnuf9-525ab6f87f3628fa999cd8f1c5b53baf hr-invisible  avia-builder-el-1  avia-builder-el-no-sibling '><span class='hr-inner '><span class=\"hr-inner-style\"><\/span><\/span><\/div>\n\n<\/div><\/div><\/main><!-- close content main element --><\/div><\/div><\/div><div id='av_section_2'  class='avia-section av-bjj6g-122bb503c8739255451586dcd36f2640 main_color avia-section-small avia-no-border-styling  avia-builder-el-2  el_after_av_section  avia-builder-el-last  avia-bg-style-fixed container_wrap sidebar_right'  ><div class='container av-section-cont-open' ><div class='template-page content  av-content-small alpha units'><div class='post-entry post-entry-type-page post-entry-1881'><div class='entry-content-wrapper clearfix'>\n<div class='flex_column_table av-b9tes-10d5cd6bb92f65a2d485d0b1f15e2e39 sc-av_two_third av-equal-height-column-flextable'>\n<style type=\"text\/css\" data-created_by=\"avia_inline_auto\" id=\"style-css-av-b9tes-10d5cd6bb92f65a2d485d0b1f15e2e39\">\n#top .flex_column_table.av-equal-height-column-flextable.av-b9tes-10d5cd6bb92f65a2d485d0b1f15e2e39{\nmargin-top:-60px;\nmargin-bottom:0px;\n}\n.flex_column.av-b9tes-10d5cd6bb92f65a2d485d0b1f15e2e39{\n-webkit-border-radius:0px 0px 0px 0px;\n-moz-border-radius:0px 0px 0px 0px;\nborder-radius:0px 0px 0px 0px;\npadding:30px 30px 30px 30px;\nbackground-color:#ffffff;\n}\n<\/style>\n<div class='flex_column av-b9tes-10d5cd6bb92f65a2d485d0b1f15e2e39 av_two_third  avia-builder-el-3  el_before_av_one_third  avia-builder-el-first  first no_margin flex_column_table_cell av-equal-height-column av-align-top '     ><p>\n<style type=\"text\/css\" data-created_by=\"avia_inline_auto\" id=\"style-css-av-aei90-01a19418c4a6d13fce54202c1d0ed6ef\">\n#top .av-special-heading.av-aei90-01a19418c4a6d13fce54202c1d0ed6ef{\npadding-bottom:0;\ncolor:#719430;\n}\nbody .av-special-heading.av-aei90-01a19418c4a6d13fce54202c1d0ed6ef .av-special-heading-tag .heading-char{\nfont-size:25px;\n}\n.av-special-heading.av-aei90-01a19418c4a6d13fce54202c1d0ed6ef .special-heading-inner-border{\nborder-color:#719430;\n}\n.av-special-heading.av-aei90-01a19418c4a6d13fce54202c1d0ed6ef .av-subheading{\nfont-size:15px;\n}\n<\/style>\n<div  class='av-special-heading av-aei90-01a19418c4a6d13fce54202c1d0ed6ef av-special-heading-h2 custom-color-heading blockquote modern-quote  avia-builder-el-4  el_before_av_hr  avia-builder-el-first '><h2 class='av-special-heading-tag'  itemprop=\"headline\"  >BLUMEN &#8211; EIN ZEICHEN DER LIEBE<\/h2><div class=\"special-heading-border\"><div class=\"special-heading-inner-border\"><\/div><\/div><\/div><br \/>\n\n<style type=\"text\/css\" data-created_by=\"avia_inline_auto\" id=\"style-css-av-lcafywtw-0166d7f95a91cbbd2290cf76fdb2f6e8\">\n#top .hr.hr-invisible.av-lcafywtw-0166d7f95a91cbbd2290cf76fdb2f6e8{\nheight:20px;\n}\n<\/style>\n<div  class='hr av-lcafywtw-0166d7f95a91cbbd2290cf76fdb2f6e8 hr-invisible  avia-builder-el-5  el_after_av_heading  el_before_av_textblock '><span class='hr-inner '><span class=\"hr-inner-style\"><\/span><\/span><\/div><br \/>\n\n<style type=\"text\/css\" data-created_by=\"avia_inline_auto\" id=\"style-css-av-8mjuw-def066b50937527a01bdb5d7b082061e\">\n#top .av_textblock_section.av-8mjuw-def066b50937527a01bdb5d7b082061e .avia_textblock{\ncolor:#000000;\n}\n<\/style>\n<section  class='av_textblock_section av-8mjuw-def066b50937527a01bdb5d7b082061e'  itemscope=\"itemscope\" itemtype=\"https:\/\/schema.org\/CreativeWork\" ><div class='avia_textblock av_inherit_color'  itemprop=\"text\" ><p>Wenn ein Mensch unsere Mitte verl\u00e4sst, soll sein Weg den er nun geht ein sch\u00f6ner sein. Um eben diesen letzten Weg individuell und w\u00fcrdevoll zu gestalten, geben wir Blumengestecke, Kr\u00e4nze, Blumen auf dem Sarg oder aber auch Urnenschmuck unserem Verstorbenen, Freund, bekannten mit. Die Vielf\u00e4ltigkeit und die Pracht der Blumen sind es die nicht nur uns ein kleiner Trost sind, sondern sie holen auch ein St\u00fcck Leben in das Dunkle der Traurigkeit.<\/p>\n<p>Auch die Blumen lassen ihr Leben, denn Sie werden geschnitten, zu Blumengebinden oder Str\u00e4u\u00dfen gesteckt. Dann sind diese f\u00fcr eine gewisse Zeit sch\u00f6n, frisch, leuchten und duften. Doch dann spiegeln auch Sie das Leben wieder \u2013 sie verwelken und gehen dahin.<\/p>\n<p>Mit Blumen k\u00f6nnen Menschen oftmals mehr Ausdr\u00fccken wie mit Worten, die in diesen schweren Stunden den meisten einfach zu schwer fallen. Am Tag der Beerdigung oder aber auch bei einer Trauerfeier zur Feuerbestattung zeigt man seine Zuneigung mit Blumenspenden, Kondolenzkarten oder Briefen in denen Freunde, Bekannte und Nachbarn ihr Mitgef\u00fchl zum Ausdruck bringen.<\/p>\n<p>In meiner Lehrzeit als Floristin konnte ich die Seite der floralen Gestaltung kennenlernen und \u00fcbte diesen Beruf lange aus, bis ich ins elterliche Bestattungshaus wechselte. Die Zeit als Floristin m\u00f6chte ich nicht missen, kommt sie mir ja heute noch zu Gute. Bei meiner Arbeit als Bestatterin berate ich Angeh\u00f6rige bzgl. der Trauerfeierlichkeiten und die die damit verbundene florale Gestaltung von Trauerhallen, Aufbahrungsr\u00e4umen, S\u00e4rgen und Urnen. F\u00fcr mich pers\u00f6nlich sind Blumen etwas sehr Sch\u00f6nes und Aussagekr\u00e4ftiges. Auch wenn es auch etwas Eigenartig klingt diejenigen die diese Aussage machen betonen dies auch immer: \u201eEs war eine sch\u00f6ne Bestattung!\u201c andere sagen: \u201ewas kann an einer Bestattung denn sch\u00f6n sein?\u201c<\/p>\n<p>Es ist die Gesamtheit, deren Individualit\u00e4t Raum gegeben wurde. Alles im Sinne der bzw. des Verstorbenen, wie sie oder er es sich gew\u00fcnscht h\u00e4tte.<\/p>\n<p>Mit Hilfe der folgenden Bilder zeigen wir Ihnen eine kleine Auswahl von Blumenarrangements. Sollten Sie Interesse einem solchen haben, beraten wir Sie gerne kostenlos und unverbindlich. Sprechen Sie uns ebenso an, wenn Sie einer Trauerfeier beiwohnen \u2013 wir organisieren f\u00fcr Sie die Blumenspende (kostenlos und unverbindlich).<\/p>\n<p><span style=\"color: #719430;\"><strong>Wir sind jederzeit f\u00fcr Sie erreichbar \u2013 0711\/24 01 53<\/strong><\/span><\/p>\n<\/div><\/section><\/p><\/div>\n<style type=\"text\/css\" data-created_by=\"avia_inline_auto\" id=\"style-css-av-3zhns-42e0f7f01684b66eac296dcf27f0f361\">\n#top .flex_column_table.av-equal-height-column-flextable.av-3zhns-42e0f7f01684b66eac296dcf27f0f361{\nmargin-top:-60px;\nmargin-bottom:0px;\n}\n.flex_column.av-3zhns-42e0f7f01684b66eac296dcf27f0f361{\n-webkit-border-radius:0px 0px 0px 0px;\n-moz-border-radius:0px 0px 0px 0px;\nborder-radius:0px 0px 0px 0px;\npadding:30px 30px 30px 30px;\nbackground-color:#f0f0f0;\n}\n<\/style>\n<div class='flex_column av-3zhns-42e0f7f01684b66eac296dcf27f0f361 av_one_third  avia-builder-el-7  el_after_av_two_third  avia-builder-el-last  no_margin flex_column_table_cell av-equal-height-column av-align-top '     ><p><div  class='avia-builder-widget-area clearfix  avia-builder-el-8  el_before_av_sidebar  avia-builder-el-first '><div id=\"text-3\" class=\"widget clearfix widget_text\"><h3 class=\"widgettitle\">24 STUNDEN ERREICHBAR<\/h3>\t\t\t<div class=\"textwidget\"><p>Familie Kunz Bestattungshaus<br \/>\nGablenberger Hauptstra\u00dfe 18<br \/>\n70186 Stuttgart<\/p>\n<p>Tel.: <a href=\"tel:+490711240153\">+49 (0) 0711 \/ 24 01 53<\/a><br \/>\nE-Mail: <a href=\"mailto:info@bestattungshaus-kunz.de\">info@bestattungshaus-kunz.de<\/a><\/p>\n<\/div>\n\t\t<\/div><\/div><br \/>\n<div  class='avia-builder-widget-area clearfix  avia-builder-el-9  el_after_av_sidebar  el_before_av_sidebar '><div id=\"text-4\" class=\"widget clearfix widget_text\"><h3 class=\"widgettitle\">Zuh\u00f6ren. Mitf\u00fchlen. Beraten.<\/h3>\t\t\t<div class=\"textwidget\"><p>\u00bb Beratung<br \/>\n\u00bb Betreuung<br \/>\n\u00bb Begleitung<\/p>\n<p>Ausgebildete Thanatologen<br \/>\nVorsorge Experten<\/p>\n<\/div>\n\t\t<\/div><\/div><br \/>\n<div  class='avia-builder-widget-area clearfix  avia-builder-el-10  el_after_av_sidebar  avia-builder-el-last '><div id=\"media_image-2\" class=\"widget clearfix widget_media_image\"><img loading=\"lazy\" decoding=\"async\" width=\"158\" height=\"150\" src=\"https:\/\/bestattungshaus-kunz.de\/wp-content\/uploads\/2022\/12\/blatt-transparent.png\" class=\"image wp-image-1783  attachment-full size-full\" alt=\"\" style=\"max-width: 100%; height: auto;\" \/><\/div><\/div><\/p><\/div><\/div><!--close column table wrapper. Autoclose: 1 -->\n<\/div><\/div><\/div><!-- close content main div --><\/div><\/div><div id='after_section_2'  class='main_color av_default_container_wrap container_wrap sidebar_right'  ><div class='container av-section-cont-open' ><div class='template-page content  av-content-small alpha units'><div class='post-entry post-entry-type-page post-entry-1881'><div class='entry-content-wrapper clearfix'>\n","protected":false},"excerpt":{"rendered":"","protected":false},"author":4,"featured_media":0,"parent":1875,"menu_order":0,"comment_status":"open","ping_status":"closed","template":"","meta":{"footnotes":""},"class_list":["post-1881","page","type-page","status-publish","hentry"],"yoast_head":"<!-- This site is optimized with the Yoast SEO plugin v27.5 - https:\/\/yoast.com\/product\/yoast-seo-wordpress\/ -->\n<title>BLUMEN - Bestattungshaus Kunz<\/title>\n<meta name=\"robots\" content=\"index, follow, max-snippet:-1, max-image-preview:large, max-video-preview:-1\" \/>\n<link rel=\"canonical\" href=\"https:\/\/bestattungshaus-kunz.de\/?page_id=1881\" \/>\n<meta property=\"og:locale\" content=\"de_DE\" \/>\n<meta property=\"og:type\" content=\"article\" \/>\n<meta property=\"og:title\" content=\"BLUMEN - Bestattungshaus Kunz\" \/>\n<meta property=\"og:url\" content=\"https:\/\/bestattungshaus-kunz.de\/?page_id=1881\" \/>\n<meta property=\"og:site_name\" content=\"Bestattungshaus Kunz\" \/>\n<meta property=\"article:modified_time\" content=\"2022-12-30T22:04:25+00:00\" \/>\n<meta name=\"twitter:card\" content=\"summary_large_image\" \/>\n<meta name=\"twitter:label1\" content=\"Gesch\u00e4tzte Lesezeit\" \/>\n\t<meta name=\"twitter:data1\" content=\"4\u00a0Minuten\" \/>\n<script type=\"application\/ld+json\" class=\"yoast-schema-graph\">{\"@context\":\"https:\\\/\\\/schema.org\",\"@graph\":[{\"@type\":\"WebPage\",\"@id\":\"https:\\\/\\\/bestattungshaus-kunz.de\\\/?page_id=1881\",\"url\":\"https:\\\/\\\/bestattungshaus-kunz.de\\\/?page_id=1881\",\"name\":\"BLUMEN - Bestattungshaus Kunz\",\"isPartOf\":{\"@id\":\"https:\\\/\\\/bestattungshausk-5itylzmlos.live-website.com\\\/#website\"},\"datePublished\":\"2022-12-30T17:36:29+00:00\",\"dateModified\":\"2022-12-30T22:04:25+00:00\",\"breadcrumb\":{\"@id\":\"https:\\\/\\\/bestattungshaus-kunz.de\\\/?page_id=1881#breadcrumb\"},\"inLanguage\":\"de\",\"potentialAction\":[{\"@type\":\"ReadAction\",\"target\":[\"https:\\\/\\\/bestattungshaus-kunz.de\\\/?page_id=1881\"]}]},{\"@type\":\"BreadcrumbList\",\"@id\":\"https:\\\/\\\/bestattungshaus-kunz.de\\\/?page_id=1881#breadcrumb\",\"itemListElement\":[{\"@type\":\"ListItem\",\"position\":1,\"name\":\"Startseite\",\"item\":\"https:\\\/\\\/bestattungshaus-kunz.de\\\/\"},{\"@type\":\"ListItem\",\"position\":2,\"name\":\"THEMEN\",\"item\":\"https:\\\/\\\/bestattungshaus-kunz.de\\\/?page_id=1875\"},{\"@type\":\"ListItem\",\"position\":3,\"name\":\"BLUMEN\"}]},{\"@type\":\"WebSite\",\"@id\":\"https:\\\/\\\/bestattungshausk-5itylzmlos.live-website.com\\\/#website\",\"url\":\"https:\\\/\\\/bestattungshausk-5itylzmlos.live-website.com\\\/\",\"name\":\"Bestattungshaus Kunz\",\"description\":\"Ihr professioneller Bestatter in Stuttgart\",\"potentialAction\":[{\"@type\":\"SearchAction\",\"target\":{\"@type\":\"EntryPoint\",\"urlTemplate\":\"https:\\\/\\\/bestattungshausk-5itylzmlos.live-website.com\\\/?s={search_term_string}\"},\"query-input\":{\"@type\":\"PropertyValueSpecification\",\"valueRequired\":true,\"valueName\":\"search_term_string\"}}],\"inLanguage\":\"de\"}]}<\/script>\n<!-- \/ Yoast SEO plugin. -->","yoast_head_json":{"title":"BLUMEN - Bestattungshaus Kunz","robots":{"index":"index","follow":"follow","max-snippet":"max-snippet:-1","max-image-preview":"max-image-preview:large","max-video-preview":"max-video-preview:-1"},"canonical":"https:\/\/bestattungshaus-kunz.de\/?page_id=1881","og_locale":"de_DE","og_type":"article","og_title":"BLUMEN - Bestattungshaus Kunz","og_url":"https:\/\/bestattungshaus-kunz.de\/?page_id=1881","og_site_name":"Bestattungshaus Kunz","article_modified_time":"2022-12-30T22:04:25+00:00","twitter_card":"summary_large_image","twitter_misc":{"Gesch\u00e4tzte Lesezeit":"4\u00a0Minuten"},"schema":{"@context":"https:\/\/schema.org","@graph":[{"@type":"WebPage","@id":"https:\/\/bestattungshaus-kunz.de\/?page_id=1881","url":"https:\/\/bestattungshaus-kunz.de\/?page_id=1881","name":"BLUMEN - Bestattungshaus Kunz","isPartOf":{"@id":"https:\/\/bestattungshausk-5itylzmlos.live-website.com\/#website"},"datePublished":"2022-12-30T17:36:29+00:00","dateModified":"2022-12-30T22:04:25+00:00","breadcrumb":{"@id":"https:\/\/bestattungshaus-kunz.de\/?page_id=1881#breadcrumb"},"inLanguage":"de","potentialAction":[{"@type":"ReadAction","target":["https:\/\/bestattungshaus-kunz.de\/?page_id=1881"]}]},{"@type":"BreadcrumbList","@id":"https:\/\/bestattungshaus-kunz.de\/?page_id=1881#breadcrumb","itemListElement":[{"@type":"ListItem","position":1,"name":"Startseite","item":"https:\/\/bestattungshaus-kunz.de\/"},{"@type":"ListItem","position":2,"name":"THEMEN","item":"https:\/\/bestattungshaus-kunz.de\/?page_id=1875"},{"@type":"ListItem","position":3,"name":"BLUMEN"}]},{"@type":"WebSite","@id":"https:\/\/bestattungshausk-5itylzmlos.live-website.com\/#website","url":"https:\/\/bestattungshausk-5itylzmlos.live-website.com\/","name":"Bestattungshaus Kunz","description":"Ihr professioneller Bestatter in Stuttgart","potentialAction":[{"@type":"SearchAction","target":{"@type":"EntryPoint","urlTemplate":"https:\/\/bestattungshausk-5itylzmlos.live-website.com\/?s={search_term_string}"},"query-input":{"@type":"PropertyValueSpecification","valueRequired":true,"valueName":"search_term_string"}}],"inLanguage":"de"}]}},"_links":{"self":[{"href":"https:\/\/bestattungshaus-kunz.de\/index.php?rest_route=\/wp\/v2\/pages\/1881","targetHints":{"allow":["GET"]}}],"collection":[{"href":"https:\/\/bestattungshaus-kunz.de\/index.php?rest_route=\/wp\/v2\/pages"}],"about":[{"href":"https:\/\/bestattungshaus-kunz.de\/index.php?rest_route=\/wp\/v2\/types\/page"}],"author":[{"embeddable":true,"href":"https:\/\/bestattungshaus-kunz.de\/index.php?rest_route=\/wp\/v2\/users\/4"}],"replies":[{"embeddable":true,"href":"https:\/\/bestattungshaus-kunz.de\/index.php?rest_route=%2Fwp%2Fv2%2Fcomments&post=1881"}],"version-history":[{"count":3,"href":"https:\/\/bestattungshaus-kunz.de\/index.php?rest_route=\/wp\/v2\/pages\/1881\/revisions"}],"predecessor-version":[{"id":1958,"href":"https:\/\/bestattungshaus-kunz.de\/index.php?rest_route=\/wp\/v2\/pages\/1881\/revisions\/1958"}],"up":[{"embeddable":true,"href":"https:\/\/bestattungshaus-kunz.de\/index.php?rest_route=\/wp\/v2\/pages\/1875"}],"wp:attachment":[{"href":"https:\/\/bestattungshaus-kunz.de\/index.php?rest_route=%2Fwp%2Fv2%2Fmedia&parent=1881"}],"curies":[{"name":"wp","href":"https:\/\/api.w.org\/{rel}","templated":true}]}}