{"id":1885,"date":"2022-12-30T17:44:30","date_gmt":"2022-12-30T17:44:30","guid":{"rendered":"https:\/\/bestattungshaus-kunz.de\/?page_id=1885"},"modified":"2022-12-30T22:04:41","modified_gmt":"2022-12-30T22:04:41","slug":"erinnerungsdiamanten","status":"publish","type":"page","link":"https:\/\/bestattungshaus-kunz.de\/?page_id=1885","title":{"rendered":"ERINNERUNGSDIAMANTEN"},"content":{"rendered":"\n<style type=\"text\/css\" data-created_by=\"avia_inline_auto\" id=\"style-css-av-dckjc-1a1250c06276249a93995de2caddde97\">\n.avia-section.av-dckjc-1a1250c06276249a93995de2caddde97{\nbackground-repeat:no-repeat;\nbackground-image:url(https:\/\/bestattungshaus-kunz.de\/wp-content\/uploads\/2022\/12\/k008.png);\nbackground-position:50% 0%;\nbackground-attachment:fixed;\n}\n.avia-section.av-dckjc-1a1250c06276249a93995de2caddde97 .av-section-color-overlay{\nopacity:0.4;\nbackground-color:#000000;\n}\n<\/style>\n<div id='av_section_1'  class='avia-section av-dckjc-1a1250c06276249a93995de2caddde97 main_color avia-section-no-padding avia-no-shadow  avia-builder-el-0  el_before_av_section  avia-builder-el-first  av-small-hide av-mini-hide avia-bg-style-fixed av-section-color-overlay-active container_wrap sidebar_right'  data-section-bg-repeat='no-repeat'><div class=\"av-section-color-overlay-wrap\"><div class=\"av-section-color-overlay\"><\/div><div class='container av-section-cont-open' ><main  role=\"main\" itemprop=\"mainContentOfPage\"  class='template-page content  av-content-small alpha units'><div class='post-entry post-entry-type-page post-entry-1885'><div class='entry-content-wrapper clearfix'>\n\n<style type=\"text\/css\" data-created_by=\"avia_inline_auto\" id=\"style-css-av-lcafnuf9-525ab6f87f3628fa999cd8f1c5b53baf\">\n#top .hr.hr-invisible.av-lcafnuf9-525ab6f87f3628fa999cd8f1c5b53baf{\nheight:250px;\n}\n<\/style>\n<div  class='hr av-lcafnuf9-525ab6f87f3628fa999cd8f1c5b53baf hr-invisible  avia-builder-el-1  avia-builder-el-no-sibling '><span class='hr-inner '><span class=\"hr-inner-style\"><\/span><\/span><\/div>\n\n<\/div><\/div><\/main><!-- close content main element --><\/div><\/div><\/div><div id='av_section_2'  class='avia-section av-bjj6g-122bb503c8739255451586dcd36f2640 main_color avia-section-small avia-no-border-styling  avia-builder-el-2  el_after_av_section  avia-builder-el-last  avia-bg-style-fixed container_wrap sidebar_right'  ><div class='container av-section-cont-open' ><div class='template-page content  av-content-small alpha units'><div class='post-entry post-entry-type-page post-entry-1885'><div class='entry-content-wrapper clearfix'>\n<div class='flex_column_table av-b9tes-10d5cd6bb92f65a2d485d0b1f15e2e39 sc-av_two_third av-equal-height-column-flextable'>\n<style type=\"text\/css\" data-created_by=\"avia_inline_auto\" id=\"style-css-av-b9tes-10d5cd6bb92f65a2d485d0b1f15e2e39\">\n#top .flex_column_table.av-equal-height-column-flextable.av-b9tes-10d5cd6bb92f65a2d485d0b1f15e2e39{\nmargin-top:-60px;\nmargin-bottom:0px;\n}\n.flex_column.av-b9tes-10d5cd6bb92f65a2d485d0b1f15e2e39{\n-webkit-border-radius:0px 0px 0px 0px;\n-moz-border-radius:0px 0px 0px 0px;\nborder-radius:0px 0px 0px 0px;\npadding:30px 30px 30px 30px;\nbackground-color:#ffffff;\n}\n<\/style>\n<div class='flex_column av-b9tes-10d5cd6bb92f65a2d485d0b1f15e2e39 av_two_third  avia-builder-el-3  el_before_av_one_third  avia-builder-el-first  first no_margin flex_column_table_cell av-equal-height-column av-align-top '     ><p>\n<style type=\"text\/css\" data-created_by=\"avia_inline_auto\" id=\"style-css-av-aei90-f5f4597d81a783e045387ebbdad8008c\">\n#top .av-special-heading.av-aei90-f5f4597d81a783e045387ebbdad8008c{\npadding-bottom:0;\ncolor:#719430;\n}\nbody .av-special-heading.av-aei90-f5f4597d81a783e045387ebbdad8008c .av-special-heading-tag .heading-char{\nfont-size:25px;\n}\n.av-special-heading.av-aei90-f5f4597d81a783e045387ebbdad8008c .special-heading-inner-border{\nborder-color:#719430;\n}\n.av-special-heading.av-aei90-f5f4597d81a783e045387ebbdad8008c .av-subheading{\nfont-size:15px;\n}\n<\/style>\n<div  class='av-special-heading av-aei90-f5f4597d81a783e045387ebbdad8008c av-special-heading-h2 custom-color-heading blockquote modern-quote  avia-builder-el-4  el_before_av_hr  avia-builder-el-first '><h2 class='av-special-heading-tag'  itemprop=\"headline\"  >ERINNERUNGSDIAMANTEN AUS ASCHE<\/h2><div class=\"special-heading-border\"><div class=\"special-heading-inner-border\"><\/div><\/div><\/div><br \/>\n\n<style type=\"text\/css\" data-created_by=\"avia_inline_auto\" id=\"style-css-av-lcafywtw-0166d7f95a91cbbd2290cf76fdb2f6e8\">\n#top .hr.hr-invisible.av-lcafywtw-0166d7f95a91cbbd2290cf76fdb2f6e8{\nheight:20px;\n}\n<\/style>\n<div  class='hr av-lcafywtw-0166d7f95a91cbbd2290cf76fdb2f6e8 hr-invisible  avia-builder-el-5  el_after_av_heading  el_before_av_textblock '><span class='hr-inner '><span class=\"hr-inner-style\"><\/span><\/span><\/div><br \/>\n\n<style type=\"text\/css\" data-created_by=\"avia_inline_auto\" id=\"style-css-av-8mjuw-def066b50937527a01bdb5d7b082061e\">\n#top .av_textblock_section.av-8mjuw-def066b50937527a01bdb5d7b082061e .avia_textblock{\ncolor:#000000;\n}\n<\/style>\n<section  class='av_textblock_section av-8mjuw-def066b50937527a01bdb5d7b082061e'  itemscope=\"itemscope\" itemtype=\"https:\/\/schema.org\/CreativeWork\" ><div class='avia_textblock av_inherit_color'  itemprop=\"text\" ><p>Einen geliebten Menschen zu verlieren ist nicht nur schmerzlich, sondern es entsteht auch eine gro\u00dfe L\u00fccke \u2013 denn es fehlt ein Teil von einem selbst. F\u00fcr manche Menschen ist es ein Trost einen kleinen Teil dieses geliebten Menschen, Partner st\u00e4ndig bei sich zu haben z.B. in Form eines Diamanten im Ring eingefasst oder als Kette! Da nur ein Teil der Asche aus der Urne ben\u00f6tigt wird, k\u00f6nnen die Hinterbliebenen die Urne wie gewohnt beisetzen, oder in einer anderen Naturbestattungsform z.B. Almwiesenbestattung, Bergbachbestattung oder Seebestattung beisetzen.<\/p>\n<p>Der Diamant (griechisch \u201ediaphainein\u201c durchscheinen und \u201eadamantos\u201c der Unbezwingbare) ist eine Modifikation des Elementes Kohlenstoff. Er erreicht auf der Mohsh\u00e4rte-Skala (Skala der relativen Ritzh\u00e4rte) den Wert 10 und ist damit das h\u00e4rteste nat\u00fcrlich vorkommende Mineral. Die Schleifh\u00e4rte des Diamanten ist 140 mal gr\u00f6\u00dfer als die des Korund (Rubin, Saphir) mit einer Mohs-H\u00e4rte 9 und sogar 1.170 mal gr\u00f6\u00dfer als die von Bergkristall. Die H\u00e4rte des Diamanten ist jedoch auf seinen einzelnen Kristallfl\u00e4chen unterschiedlich. Nur so ist es m\u00f6glich, den Diamant mit Diamant zu schleifen, da in dem dazu verwendeten Diamant-Pulver jeder H\u00e4rtegrad vorkommt.<\/p>\n<p>Der Diamant besitzt ein kubisches Kristallsystem. In reinem Zustand ist er transparent (durchsichtig). Aber oft ist er durch Verunreinigungen in den verschiedensten Farben gef\u00e4rbt. Durch diese Verunreinigungen und auch durch sogenannte Gittereffekte sind alle Farben m\u00f6glich: Gelblich, Braun, Rot, Pink, Gr\u00fcn, Gelb, Blau, Schwarz usw. Au\u00dferordentlich selten sind transparente Diamanten mit reinen Farbt\u00f6nen, wie z.B. Gr\u00fcn, Blau, Purpur, Braun und Gelb. In diesen F\u00e4llen, bei Braun und Gelb jedoch nur bei besonders starker S\u00e4ttigung, spricht man im Handel von \u201ePhantasiefarben\u201c, oder englisch \u201efancy colours\u201c. Entgegen verbreiteter Meinung ist Schwarz keine Phantasiefarbe, sondern entsteht durch eine vollkommene Absorption des Lichtes als Folge zahlloser dunkler Einschl\u00fcsse.<\/p>\n<p>Kein Diamant ist \u00fcbrigens frei von Einschl\u00fcssen; es kommt lediglich auf die Vergr\u00f6\u00dferung an. Die Einschl\u00fcsse k\u00f6nnen mikroskopisch klein sein oder mit der Lupe und sogar mit dem blo\u00dfen Auge erkennbar sein. Meist handelt es sich um Mineraleinschl\u00fcsse, z.B. andere kleine Diamanten oder sonstige Materialien, die bei der Entstehung des Diamanten anwesend waren oder zugleich mit ihm gebildet wurden. Risse gelten auch als Einschl\u00fcsse und k\u00f6nnen nat\u00fcrlicher Herkunft sein, wenn Diamantvorkommen z.B. durch geologische Vorg\u00e4nge mechanisch beansprucht wurden.<\/p>\n<p>Aus Gr\u00fcnden mangelnder Transparenz oder unansehnlicher Farbe eignen sich 75% der Weltf\u00f6rderung nicht zu Schmuckzwecken. Dieser Anteil findet eine st\u00e4ndig zunehmende industrielle Verwendung bei einer Vielzahl von technischen Verfahren. Diese Steine bezeichnet man in Abgrenzung zu Schmuck-Diamanten als Industrie-Diamanten. Die Masse des Diamanten wird in \u201eKarat\u201c angegeben, wobei ein Karat 0,200 Gramm entspricht<\/p>\n<p><span style=\"color: #719430;\"><strong>DIE FIRMA ALGORDANZA BESCHREIBT DEN ABLAUF WIE EIN DIAMANT ENTSTEHT<\/strong><\/span><\/p>\n<p>Der erste Schritt geht von Ihnen aus. Sie nehmen mit uns Kontakt auf. Dazu haben Sie verschiedene M\u00f6glichkeiten. Wir arbeiten mit vielen Krematorien und Bestattungsunternehmern zusammen. Auf Anfrage geben wir Ihnen gerne eine Institution in Ihrer N\u00e4he bekannt, die sich um Ihre besonderen Belange kompetent und feinf\u00fchlig k\u00fcmmert. Selbstverst\u00e4ndlich stehen wir Ihnen auch gerne pers\u00f6nlich f\u00fcr all\u2019 Ihre Fragen und W\u00fcnsche zur Verf\u00fcgung. Rufen Sie uns an oder schreiben Sie uns. Wir haben rund um die Uhr Zeit f\u00fcr Sie. Alle Angaben finden Sie unter Kontakt.<\/p>\n<p><strong>Der Ablauf stellt sich wie folgt dar:<\/strong><\/p>\n<p>Der Klient nimmt entweder direkt mit uns oder \u00fcber einen Bestatter Kontakt auf und leistet im Auftragsfall eine Anzahlung (50% der Auftragssumme). Der \u00f6rtliche Bestattungsunternehmer veranlasst im Auftrag der Hinterbliebenen die Kremierung der sterblichen \u00dcberreste des Verstorbenen. Algordanza fordert die Asche entweder direkt vom Krematorium oder vom Bestattungsunternehmen zur \u00dcberf\u00fchrung in die Schweiz an. In unserem Labor erfolgt eine physikalisch-chemische Analyse der Kremationsasche.<\/p>\n<p>Es wird sozusagen eine Art chemischer \u201eFingerabdruck\u201c angefertigt. Diese Analyse ist einerseits notwendig, um die nachfolgenden physikalischen und chemischen Prozesse entsprechend steuern zu k\u00f6nnen, andererseits dokumentiert sie die Herkunft des Erinnerungsdiamanten aus der urspr\u00fcnglichen Kremationsasche. Grunds\u00e4tzlich k\u00f6nnen ein oder auch mehrere Erinnerungsdiamanten aus der Urnenasche eines Verstorbenen transformiert werden.<\/p>\n<p>Als Ausgangsmaterial f\u00fcr die eigentliche Entstehung eines oder mehrerer Steine werden mindestens 500 Gramm der Asche ben\u00f6tigt. \u00dcber anf\u00e4llige Restasche, die nicht f\u00fcr die Transformation ben\u00f6tigt wird, kann der Klient anderweitig verf\u00fcgen. Wenn dies nicht gew\u00fcnscht wird, wird die Asche solange im Prozess belassen, bis sie sich v\u00f6llig verbraucht hat. In jedem Fall garantiert Algordanza einen piet\u00e4tvollen Umgang mit der Asche der Verstorbenen und kann dies auch durch entsprechende Dokumentation belegen. In einem einzigartigen Vorverfahren werden alle anorganischen Substanzen (z.B. Salze, Oxide, ect.) chemisch vom Kohlenstoff (Karbon) getrennt.<\/p>\n<p>Der eigentliche Transformationsprozess, die Umwandlung von Grafit in einen Erinnerungsdiamanten (beides ist reines Karbon: einmal in hexagonaler, das andere mal in oktogonaler Struktur) erfolgt unter extrem hohem Druck und hoher Temperatur und nimmt, nach Gr\u00f6\u00dfe des Steines variierend, mehrere Wochen in Anspruch. Der Erinnerungsdiamant erstrahlt einmal in weiss bis zu einem bl\u00e4ulichen Ton. So unterschiedlich die Menschen sind, so differiert auch die Farbe in seiner Abh\u00e4ngigkeit vom individuellen Bor-Gehalt der Urnenasche. Das chemische Element Bor ist somit ein Indiz f\u00fcr die organische Herkunft des Karbons.<\/p>\n<p>Nach der Synthese erfolgt der Schliff des Rohdiamanten, wobei der Klient individuell die Art und Form bestimmen kann. Weiters besteht die M\u00f6glichkeit (gegen Aufpreis), den Stein mittels Lasergravur in Mikroschrift (nur unter Mikroskop lesbar) mit einem beliebigen Text (maximal 75 Zeichen; z.B. Namen und den Daten des Verstorbenen) zu beschriften.<\/p>\n<p>Geliefert wird Ihr Erinnerungsdiamant in einer edlen Holzschatulle. Je nach Auftragserteilung geschieht die \u00dcbergabe pers\u00f6nlich durch einen Mitarbeiter von Algordanza in der Schweiz, einem Angestellten des Bestattungsinstituts\/Krematoriums oder durch einen Repr\u00e4sentanten von Algordanza.<\/p>\n<p>Sollten Sie Fragen bzgl. der Erinnerungsdiamanten haben, so stehen wir Ihnen gerne und jederzeit zur Verf\u00fcgung.<\/p>\n<\/div><\/section><\/p><\/div>\n<style type=\"text\/css\" data-created_by=\"avia_inline_auto\" id=\"style-css-av-3zhns-42e0f7f01684b66eac296dcf27f0f361\">\n#top .flex_column_table.av-equal-height-column-flextable.av-3zhns-42e0f7f01684b66eac296dcf27f0f361{\nmargin-top:-60px;\nmargin-bottom:0px;\n}\n.flex_column.av-3zhns-42e0f7f01684b66eac296dcf27f0f361{\n-webkit-border-radius:0px 0px 0px 0px;\n-moz-border-radius:0px 0px 0px 0px;\nborder-radius:0px 0px 0px 0px;\npadding:30px 30px 30px 30px;\nbackground-color:#f0f0f0;\n}\n<\/style>\n<div class='flex_column av-3zhns-42e0f7f01684b66eac296dcf27f0f361 av_one_third  avia-builder-el-7  el_after_av_two_third  avia-builder-el-last  no_margin flex_column_table_cell av-equal-height-column av-align-top '     ><p><div  class='avia-builder-widget-area clearfix  avia-builder-el-8  el_before_av_sidebar  avia-builder-el-first '><div id=\"text-3\" class=\"widget clearfix widget_text\"><h3 class=\"widgettitle\">24 STUNDEN ERREICHBAR<\/h3>\t\t\t<div class=\"textwidget\"><p>Familie Kunz Bestattungshaus<br \/>\nGablenberger Hauptstra\u00dfe 18<br \/>\n70186 Stuttgart<\/p>\n<p>Tel.: <a href=\"tel:+490711240153\">+49 (0) 0711 \/ 24 01 53<\/a><br \/>\nE-Mail: <a href=\"mailto:info@bestattungshaus-kunz.de\">info@bestattungshaus-kunz.de<\/a><\/p>\n<\/div>\n\t\t<\/div><\/div><br \/>\n<div  class='avia-builder-widget-area clearfix  avia-builder-el-9  el_after_av_sidebar  el_before_av_sidebar '><div id=\"text-4\" class=\"widget clearfix widget_text\"><h3 class=\"widgettitle\">Zuh\u00f6ren. Mitf\u00fchlen. Beraten.<\/h3>\t\t\t<div class=\"textwidget\"><p>\u00bb Beratung<br \/>\n\u00bb Betreuung<br \/>\n\u00bb Begleitung<\/p>\n<p>Ausgebildete Thanatologen<br \/>\nVorsorge Experten<\/p>\n<\/div>\n\t\t<\/div><\/div><br \/>\n<div  class='avia-builder-widget-area clearfix  avia-builder-el-10  el_after_av_sidebar  avia-builder-el-last '><div id=\"media_image-2\" class=\"widget clearfix widget_media_image\"><img loading=\"lazy\" decoding=\"async\" width=\"158\" height=\"150\" src=\"https:\/\/bestattungshaus-kunz.de\/wp-content\/uploads\/2022\/12\/blatt-transparent.png\" class=\"image wp-image-1783  attachment-full size-full\" alt=\"\" style=\"max-width: 100%; height: auto;\" \/><\/div><\/div><\/p><\/div><\/div><!--close column table wrapper. Autoclose: 1 -->\n<\/div><\/div><\/div><!-- close content main div --><\/div><\/div><div id='after_section_2'  class='main_color av_default_container_wrap container_wrap sidebar_right'  ><div class='container av-section-cont-open' ><div class='template-page content  av-content-small alpha units'><div class='post-entry post-entry-type-page post-entry-1885'><div class='entry-content-wrapper clearfix'>\n","protected":false},"excerpt":{"rendered":"","protected":false},"author":4,"featured_media":0,"parent":1875,"menu_order":0,"comment_status":"open","ping_status":"closed","template":"","meta":{"footnotes":""},"class_list":["post-1885","page","type-page","status-publish","hentry"],"yoast_head":"<!-- This site is optimized with the Yoast SEO plugin v27.5 - https:\/\/yoast.com\/product\/yoast-seo-wordpress\/ -->\n<title>ERINNERUNGSDIAMANTEN - Bestattungshaus Kunz<\/title>\n<meta name=\"robots\" content=\"index, follow, max-snippet:-1, max-image-preview:large, max-video-preview:-1\" \/>\n<link rel=\"canonical\" href=\"https:\/\/bestattungshaus-kunz.de\/?page_id=1885\" \/>\n<meta property=\"og:locale\" content=\"de_DE\" \/>\n<meta property=\"og:type\" content=\"article\" \/>\n<meta property=\"og:title\" content=\"ERINNERUNGSDIAMANTEN - Bestattungshaus Kunz\" \/>\n<meta property=\"og:url\" content=\"https:\/\/bestattungshaus-kunz.de\/?page_id=1885\" \/>\n<meta property=\"og:site_name\" content=\"Bestattungshaus Kunz\" \/>\n<meta property=\"article:modified_time\" content=\"2022-12-30T22:04:41+00:00\" \/>\n<meta name=\"twitter:card\" content=\"summary_large_image\" \/>\n<meta name=\"twitter:label1\" content=\"Gesch\u00e4tzte Lesezeit\" \/>\n\t<meta name=\"twitter:data1\" content=\"7\u00a0Minuten\" \/>\n<script type=\"application\/ld+json\" class=\"yoast-schema-graph\">{\"@context\":\"https:\\\/\\\/schema.org\",\"@graph\":[{\"@type\":\"WebPage\",\"@id\":\"https:\\\/\\\/bestattungshaus-kunz.de\\\/?page_id=1885\",\"url\":\"https:\\\/\\\/bestattungshaus-kunz.de\\\/?page_id=1885\",\"name\":\"ERINNERUNGSDIAMANTEN - Bestattungshaus Kunz\",\"isPartOf\":{\"@id\":\"https:\\\/\\\/bestattungshausk-5itylzmlos.live-website.com\\\/#website\"},\"datePublished\":\"2022-12-30T17:44:30+00:00\",\"dateModified\":\"2022-12-30T22:04:41+00:00\",\"breadcrumb\":{\"@id\":\"https:\\\/\\\/bestattungshaus-kunz.de\\\/?page_id=1885#breadcrumb\"},\"inLanguage\":\"de\",\"potentialAction\":[{\"@type\":\"ReadAction\",\"target\":[\"https:\\\/\\\/bestattungshaus-kunz.de\\\/?page_id=1885\"]}]},{\"@type\":\"BreadcrumbList\",\"@id\":\"https:\\\/\\\/bestattungshaus-kunz.de\\\/?page_id=1885#breadcrumb\",\"itemListElement\":[{\"@type\":\"ListItem\",\"position\":1,\"name\":\"Startseite\",\"item\":\"https:\\\/\\\/bestattungshaus-kunz.de\\\/\"},{\"@type\":\"ListItem\",\"position\":2,\"name\":\"THEMEN\",\"item\":\"https:\\\/\\\/bestattungshaus-kunz.de\\\/?page_id=1875\"},{\"@type\":\"ListItem\",\"position\":3,\"name\":\"ERINNERUNGSDIAMANTEN\"}]},{\"@type\":\"WebSite\",\"@id\":\"https:\\\/\\\/bestattungshausk-5itylzmlos.live-website.com\\\/#website\",\"url\":\"https:\\\/\\\/bestattungshausk-5itylzmlos.live-website.com\\\/\",\"name\":\"Bestattungshaus Kunz\",\"description\":\"Ihr professioneller Bestatter in Stuttgart\",\"potentialAction\":[{\"@type\":\"SearchAction\",\"target\":{\"@type\":\"EntryPoint\",\"urlTemplate\":\"https:\\\/\\\/bestattungshausk-5itylzmlos.live-website.com\\\/?s={search_term_string}\"},\"query-input\":{\"@type\":\"PropertyValueSpecification\",\"valueRequired\":true,\"valueName\":\"search_term_string\"}}],\"inLanguage\":\"de\"}]}<\/script>\n<!-- \/ Yoast SEO plugin. -->","yoast_head_json":{"title":"ERINNERUNGSDIAMANTEN - Bestattungshaus Kunz","robots":{"index":"index","follow":"follow","max-snippet":"max-snippet:-1","max-image-preview":"max-image-preview:large","max-video-preview":"max-video-preview:-1"},"canonical":"https:\/\/bestattungshaus-kunz.de\/?page_id=1885","og_locale":"de_DE","og_type":"article","og_title":"ERINNERUNGSDIAMANTEN - Bestattungshaus Kunz","og_url":"https:\/\/bestattungshaus-kunz.de\/?page_id=1885","og_site_name":"Bestattungshaus Kunz","article_modified_time":"2022-12-30T22:04:41+00:00","twitter_card":"summary_large_image","twitter_misc":{"Gesch\u00e4tzte Lesezeit":"7\u00a0Minuten"},"schema":{"@context":"https:\/\/schema.org","@graph":[{"@type":"WebPage","@id":"https:\/\/bestattungshaus-kunz.de\/?page_id=1885","url":"https:\/\/bestattungshaus-kunz.de\/?page_id=1885","name":"ERINNERUNGSDIAMANTEN - Bestattungshaus Kunz","isPartOf":{"@id":"https:\/\/bestattungshausk-5itylzmlos.live-website.com\/#website"},"datePublished":"2022-12-30T17:44:30+00:00","dateModified":"2022-12-30T22:04:41+00:00","breadcrumb":{"@id":"https:\/\/bestattungshaus-kunz.de\/?page_id=1885#breadcrumb"},"inLanguage":"de","potentialAction":[{"@type":"ReadAction","target":["https:\/\/bestattungshaus-kunz.de\/?page_id=1885"]}]},{"@type":"BreadcrumbList","@id":"https:\/\/bestattungshaus-kunz.de\/?page_id=1885#breadcrumb","itemListElement":[{"@type":"ListItem","position":1,"name":"Startseite","item":"https:\/\/bestattungshaus-kunz.de\/"},{"@type":"ListItem","position":2,"name":"THEMEN","item":"https:\/\/bestattungshaus-kunz.de\/?page_id=1875"},{"@type":"ListItem","position":3,"name":"ERINNERUNGSDIAMANTEN"}]},{"@type":"WebSite","@id":"https:\/\/bestattungshausk-5itylzmlos.live-website.com\/#website","url":"https:\/\/bestattungshausk-5itylzmlos.live-website.com\/","name":"Bestattungshaus Kunz","description":"Ihr professioneller Bestatter in Stuttgart","potentialAction":[{"@type":"SearchAction","target":{"@type":"EntryPoint","urlTemplate":"https:\/\/bestattungshausk-5itylzmlos.live-website.com\/?s={search_term_string}"},"query-input":{"@type":"PropertyValueSpecification","valueRequired":true,"valueName":"search_term_string"}}],"inLanguage":"de"}]}},"_links":{"self":[{"href":"https:\/\/bestattungshaus-kunz.de\/index.php?rest_route=\/wp\/v2\/pages\/1885","targetHints":{"allow":["GET"]}}],"collection":[{"href":"https:\/\/bestattungshaus-kunz.de\/index.php?rest_route=\/wp\/v2\/pages"}],"about":[{"href":"https:\/\/bestattungshaus-kunz.de\/index.php?rest_route=\/wp\/v2\/types\/page"}],"author":[{"embeddable":true,"href":"https:\/\/bestattungshaus-kunz.de\/index.php?rest_route=\/wp\/v2\/users\/4"}],"replies":[{"embeddable":true,"href":"https:\/\/bestattungshaus-kunz.de\/index.php?rest_route=%2Fwp%2Fv2%2Fcomments&post=1885"}],"version-history":[{"count":3,"href":"https:\/\/bestattungshaus-kunz.de\/index.php?rest_route=\/wp\/v2\/pages\/1885\/revisions"}],"predecessor-version":[{"id":1959,"href":"https:\/\/bestattungshaus-kunz.de\/index.php?rest_route=\/wp\/v2\/pages\/1885\/revisions\/1959"}],"up":[{"embeddable":true,"href":"https:\/\/bestattungshaus-kunz.de\/index.php?rest_route=\/wp\/v2\/pages\/1875"}],"wp:attachment":[{"href":"https:\/\/bestattungshaus-kunz.de\/index.php?rest_route=%2Fwp%2Fv2%2Fmedia&parent=1885"}],"curies":[{"name":"wp","href":"https:\/\/api.w.org\/{rel}","templated":true}]}}