{"id":1889,"date":"2022-12-30T18:18:38","date_gmt":"2022-12-30T18:18:38","guid":{"rendered":"https:\/\/bestattungshaus-kunz.de\/?page_id=1889"},"modified":"2022-12-30T22:04:59","modified_gmt":"2022-12-30T22:04:59","slug":"die-totenmaske","status":"publish","type":"page","link":"https:\/\/bestattungshaus-kunz.de\/?page_id=1889","title":{"rendered":"DIE TOTENMASKE"},"content":{"rendered":"\n<style type=\"text\/css\" data-created_by=\"avia_inline_auto\" id=\"style-css-av-dckjc-1f52cc8c806c2bd9324f748169b3679a\">\n.avia-section.av-dckjc-1f52cc8c806c2bd9324f748169b3679a{\nbackground-repeat:no-repeat;\nbackground-image:url(https:\/\/bestattungshaus-kunz.de\/wp-content\/uploads\/2022\/12\/k003.png);\nbackground-position:50% 0%;\nbackground-attachment:fixed;\n}\n.avia-section.av-dckjc-1f52cc8c806c2bd9324f748169b3679a .av-section-color-overlay{\nopacity:0.4;\nbackground-color:#000000;\n}\n<\/style>\n<div id='av_section_1'  class='avia-section av-dckjc-1f52cc8c806c2bd9324f748169b3679a main_color avia-section-no-padding avia-no-shadow  avia-builder-el-0  el_before_av_section  avia-builder-el-first  av-small-hide av-mini-hide avia-bg-style-fixed av-section-color-overlay-active container_wrap sidebar_right'  data-section-bg-repeat='no-repeat'><div class=\"av-section-color-overlay-wrap\"><div class=\"av-section-color-overlay\"><\/div><div class='container av-section-cont-open' ><main  role=\"main\" itemprop=\"mainContentOfPage\"  class='template-page content  av-content-small alpha units'><div class='post-entry post-entry-type-page post-entry-1889'><div class='entry-content-wrapper clearfix'>\n\n<style type=\"text\/css\" data-created_by=\"avia_inline_auto\" id=\"style-css-av-lcafnuf9-525ab6f87f3628fa999cd8f1c5b53baf\">\n#top .hr.hr-invisible.av-lcafnuf9-525ab6f87f3628fa999cd8f1c5b53baf{\nheight:250px;\n}\n<\/style>\n<div  class='hr av-lcafnuf9-525ab6f87f3628fa999cd8f1c5b53baf hr-invisible  avia-builder-el-1  avia-builder-el-no-sibling '><span class='hr-inner '><span class=\"hr-inner-style\"><\/span><\/span><\/div>\n\n<\/div><\/div><\/main><!-- close content main element --><\/div><\/div><\/div><div id='av_section_2'  class='avia-section av-bjj6g-122bb503c8739255451586dcd36f2640 main_color avia-section-small avia-no-border-styling  avia-builder-el-2  el_after_av_section  avia-builder-el-last  avia-bg-style-fixed container_wrap sidebar_right'  ><div class='container av-section-cont-open' ><div class='template-page content  av-content-small alpha units'><div class='post-entry post-entry-type-page post-entry-1889'><div class='entry-content-wrapper clearfix'>\n<div class='flex_column_table av-b9tes-10d5cd6bb92f65a2d485d0b1f15e2e39 sc-av_two_third av-equal-height-column-flextable'>\n<style type=\"text\/css\" data-created_by=\"avia_inline_auto\" id=\"style-css-av-b9tes-10d5cd6bb92f65a2d485d0b1f15e2e39\">\n#top .flex_column_table.av-equal-height-column-flextable.av-b9tes-10d5cd6bb92f65a2d485d0b1f15e2e39{\nmargin-top:-60px;\nmargin-bottom:0px;\n}\n.flex_column.av-b9tes-10d5cd6bb92f65a2d485d0b1f15e2e39{\n-webkit-border-radius:0px 0px 0px 0px;\n-moz-border-radius:0px 0px 0px 0px;\nborder-radius:0px 0px 0px 0px;\npadding:30px 30px 30px 30px;\nbackground-color:#ffffff;\n}\n<\/style>\n<div class='flex_column av-b9tes-10d5cd6bb92f65a2d485d0b1f15e2e39 av_two_third  avia-builder-el-3  el_before_av_one_third  avia-builder-el-first  first no_margin flex_column_table_cell av-equal-height-column av-align-top '     ><p>\n<style type=\"text\/css\" data-created_by=\"avia_inline_auto\" id=\"style-css-av-aei90-e210e75e6fba3757666ee7ee5df7ffc9\">\n#top .av-special-heading.av-aei90-e210e75e6fba3757666ee7ee5df7ffc9{\npadding-bottom:0;\ncolor:#719430;\n}\nbody .av-special-heading.av-aei90-e210e75e6fba3757666ee7ee5df7ffc9 .av-special-heading-tag .heading-char{\nfont-size:25px;\n}\n.av-special-heading.av-aei90-e210e75e6fba3757666ee7ee5df7ffc9 .special-heading-inner-border{\nborder-color:#719430;\n}\n.av-special-heading.av-aei90-e210e75e6fba3757666ee7ee5df7ffc9 .av-subheading{\nfont-size:15px;\n}\n<\/style>\n<div  class='av-special-heading av-aei90-e210e75e6fba3757666ee7ee5df7ffc9 av-special-heading-h2 custom-color-heading blockquote modern-quote  avia-builder-el-4  el_before_av_hr  avia-builder-el-first '><h2 class='av-special-heading-tag'  itemprop=\"headline\"  >DIE TOTENMASKE<\/h2><div class=\"special-heading-border\"><div class=\"special-heading-inner-border\"><\/div><\/div><\/div><br \/>\n\n<style type=\"text\/css\" data-created_by=\"avia_inline_auto\" id=\"style-css-av-lcafywtw-0166d7f95a91cbbd2290cf76fdb2f6e8\">\n#top .hr.hr-invisible.av-lcafywtw-0166d7f95a91cbbd2290cf76fdb2f6e8{\nheight:20px;\n}\n<\/style>\n<div  class='hr av-lcafywtw-0166d7f95a91cbbd2290cf76fdb2f6e8 hr-invisible  avia-builder-el-5  el_after_av_heading  el_before_av_textblock '><span class='hr-inner '><span class=\"hr-inner-style\"><\/span><\/span><\/div><br \/>\n\n<style type=\"text\/css\" data-created_by=\"avia_inline_auto\" id=\"style-css-av-8mjuw-def066b50937527a01bdb5d7b082061e\">\n#top .av_textblock_section.av-8mjuw-def066b50937527a01bdb5d7b082061e .avia_textblock{\ncolor:#000000;\n}\n<\/style>\n<section  class='av_textblock_section av-8mjuw-def066b50937527a01bdb5d7b082061e'  itemscope=\"itemscope\" itemtype=\"https:\/\/schema.org\/CreativeWork\" ><div class='avia_textblock av_inherit_color'  itemprop=\"text\" ><p>Wenn die Totenmaske als Sonderform der Maske bezeichnet wird, kann sich dies nur auf die wirklichen Masken aus dem Totenkultbereich beziehen, wie auf die \u00e4gyptischen Totenmasken, die auf eine kostbare Weise das Gesicht des verstorbenen Menschen darstellen, es bedecken und sch\u00fctzen sollten. So wie die goldene Totenmaske des Tut-Ench-Amun, die auf das Bestreben zur\u00fcckgeht, die Gesichtsz\u00fcge der Toten m\u00f6glichst zu erhalten, um der Seele zu erm\u00f6glichen, ihren alten K\u00f6rper zu erkennen und wiederzufinden. Die Gipsabg\u00fcsse die man noch heute im Museum in Kairo sehen kann, dienten dabei entweder als Vorlage zur Anfertigung der Mumienmasken, oder sind Positivg\u00fcsse aus den Gipsformen, die urspr\u00fcnglich als direkte Schutzschicht auf das Gesicht des verstorbenen Menschen aufgetragen wurden.<\/p>\n<p>W\u00e4hrend die alten Griechen schon Abg\u00fcsse vom lebenden Modell als Vorlage zur bildhauerischen Arbeit einsetzten, konzentrierten sich die R\u00f6mer beim Anfertigen dieser Bildnisse auf den Hintergrund des r\u00f6mischen Ahnenkultes.<\/p>\n<p>Die Abg\u00fcsse von verstorbenen Menschen wurden hier nicht als Grabbeigabe mit den Toten bestattet, sondern die kurz nach dem Ableben gegossenen Gesichter in der Ahnengalerie der Familien aufbewahrt. In der Bl\u00fctezeit des r\u00f6mischen Ahnenkultes wurden diese an Festtagen geschm\u00fcckt, oder bei Todesf\u00e4llen im Leichzug von Angeh\u00f6rigen als Gesichtsmaske getragen. Mit den Abbildern ihrer \u00fcber den Tod hinaus pr\u00e4senten Vorfahren glaubten sie sich die Unsterblichkeit ihrer Familie sichern zu k\u00f6nnen.<\/p>\n<p>Die Tradition der Leichenz\u00fcge, nach r\u00f6mischem Vorbild, gelangte noch einmal am franz\u00f6sischen Hof zu neuer Bl\u00fcte, wo man den verstorbenen K\u00f6nig als Puppe mit einem Wachsabdruck des Gesichts und der H\u00e4nde, bekleidet mit Kr\u00f6nungsmantel und ausgestattet mit allen Insignien, in einem \u00f6ffentlichen Umzug zur letzten Ruhest\u00e4tte geleitete.<\/p>\n<p>In der Zeit der Aufkl\u00e4rung \u00e4nderte sich die Bedeutung der Totenmaske erstmals. Es entwickelte sich nun die Vorstellung einer pers\u00f6nlichen Erinnerung und besonderen Wertsch\u00e4tzung des verstorbenen Menschen.<\/p>\n<p>Der traditionelle, rituelle Charakter trat in den Hintergrund. Die Totenmaske verstand man nun als Abbild des letzten Ausdrucks und der Summe eines individuellen Lebens.<\/p>\n<p><strong>Die Totenmaske und deren Bedeutung<br \/>\n<\/strong><br \/>\nDie Frage, welchen Sinn es haben kann, das Totenbildnis eines Verstorbenen anfertigen zu lassen, ist von dem Philosophen Ernst Benkard schon einmal beantwortet worden und gilt f\u00fcr den ein oder anderen auch heute noch. \u201eWas jedoch die Totenmaske Lessings anbelangt, so waren es Freunde, welche sie von seinen verkl\u00e4rten Z\u00fcgen abnehmen lie\u00dfen, einzig aus dem Wunsch heraus, irgendwie noch teilzuhaben an dem Letzten, was der Liebe m\u00f6glich war, von dem Verewigten festzuhalten. So wird die Totenmaske ein Symbol daf\u00fcr, dass der Tod zwar die Menschen trennt, aber ihre innere Verbundenheit niemals l\u00f6sen kann.\u201c<\/p>\n<p>Auch heute dient die Totenmaske der Erinnerung an den Verstorbenen und der Bewahrung des Antlitzes. Offenbar kann die Totenmaske dabei den Einfluss unserer hektisch modernen Gesellschaft auf die Trauerarbeit mildern. Ihre spirituelle Kraft kann eine individuelle N\u00e4he und innere Solidarit\u00e4t mit der ganzheitlich zu begreifenden Erscheinung von Verg\u00e4nglichkeit schaffen oder mit dazu sto\u00dfen.<\/p>\n<p>Die Technik des Abgie\u00dfens hat sich nur hinsichtlich der Negativmaterialien ver\u00e4ndert, die durch die verschiedenen feinen Gipsarten und durch die Kombination neuer, spezieller Kunststoffmassen, die Pr\u00e4zision der technischen Vorg\u00e4nge und das Ergebnis der Arbeit optimieren.<\/p>\n<p>Selbstverst\u00e4ndlich wird durch die technischen Vorz\u00fcge gew\u00e4hrleistet, dass keine Arbeitsspuren am Gesicht des verstorbenen Menschen zur\u00fcckbleiben. Die auf das Gesicht aufgetragene Masse l\u00e4sst sich einfach wie der Handschuh von der Hand abziehen.<br \/>\nSollten Sie Interesse an einer Totenmaske oder sonstige Fragen bzgl. der Totenmaske haben, so stehen wir Ihnen gerne in einem pers\u00f6nlichen Gespr\u00e4ch zur Verf\u00fcgung.<\/p>\n<\/div><\/section><\/p><\/div>\n<style type=\"text\/css\" data-created_by=\"avia_inline_auto\" id=\"style-css-av-3zhns-42e0f7f01684b66eac296dcf27f0f361\">\n#top .flex_column_table.av-equal-height-column-flextable.av-3zhns-42e0f7f01684b66eac296dcf27f0f361{\nmargin-top:-60px;\nmargin-bottom:0px;\n}\n.flex_column.av-3zhns-42e0f7f01684b66eac296dcf27f0f361{\n-webkit-border-radius:0px 0px 0px 0px;\n-moz-border-radius:0px 0px 0px 0px;\nborder-radius:0px 0px 0px 0px;\npadding:30px 30px 30px 30px;\nbackground-color:#f0f0f0;\n}\n<\/style>\n<div class='flex_column av-3zhns-42e0f7f01684b66eac296dcf27f0f361 av_one_third  avia-builder-el-7  el_after_av_two_third  avia-builder-el-last  no_margin flex_column_table_cell av-equal-height-column av-align-top '     ><p><div  class='avia-builder-widget-area clearfix  avia-builder-el-8  el_before_av_sidebar  avia-builder-el-first '><div id=\"text-3\" class=\"widget clearfix widget_text\"><h3 class=\"widgettitle\">24 STUNDEN ERREICHBAR<\/h3>\t\t\t<div class=\"textwidget\"><p>Familie Kunz Bestattungshaus<br \/>\nGablenberger Hauptstra\u00dfe 18<br \/>\n70186 Stuttgart<\/p>\n<p>Tel.: <a href=\"tel:+490711240153\">+49 (0) 0711 \/ 24 01 53<\/a><br \/>\nE-Mail: <a href=\"mailto:info@bestattungshaus-kunz.de\">info@bestattungshaus-kunz.de<\/a><\/p>\n<\/div>\n\t\t<\/div><\/div><br \/>\n<div  class='avia-builder-widget-area clearfix  avia-builder-el-9  el_after_av_sidebar  el_before_av_sidebar '><div id=\"text-4\" class=\"widget clearfix widget_text\"><h3 class=\"widgettitle\">Zuh\u00f6ren. Mitf\u00fchlen. Beraten.<\/h3>\t\t\t<div class=\"textwidget\"><p>\u00bb Beratung<br \/>\n\u00bb Betreuung<br \/>\n\u00bb Begleitung<\/p>\n<p>Ausgebildete Thanatologen<br \/>\nVorsorge Experten<\/p>\n<\/div>\n\t\t<\/div><\/div><br \/>\n<div  class='avia-builder-widget-area clearfix  avia-builder-el-10  el_after_av_sidebar  avia-builder-el-last '><div id=\"media_image-2\" class=\"widget clearfix widget_media_image\"><img loading=\"lazy\" decoding=\"async\" width=\"158\" height=\"150\" src=\"https:\/\/bestattungshaus-kunz.de\/wp-content\/uploads\/2022\/12\/blatt-transparent.png\" class=\"image wp-image-1783  attachment-full size-full\" alt=\"\" style=\"max-width: 100%; height: auto;\" \/><\/div><\/div><\/p><\/div><\/div><!--close column table wrapper. Autoclose: 1 -->\n<\/div><\/div><\/div><!-- close content main div --><\/div><\/div><div id='after_section_2'  class='main_color av_default_container_wrap container_wrap sidebar_right'  ><div class='container av-section-cont-open' ><div class='template-page content  av-content-small alpha units'><div class='post-entry post-entry-type-page post-entry-1889'><div class='entry-content-wrapper clearfix'>\n","protected":false},"excerpt":{"rendered":"","protected":false},"author":4,"featured_media":0,"parent":1875,"menu_order":0,"comment_status":"open","ping_status":"closed","template":"","meta":{"footnotes":""},"class_list":["post-1889","page","type-page","status-publish","hentry"],"yoast_head":"<!-- This site is optimized with the Yoast SEO plugin v27.5 - https:\/\/yoast.com\/product\/yoast-seo-wordpress\/ -->\n<title>DIE TOTENMASKE - Bestattungshaus Kunz<\/title>\n<meta name=\"robots\" content=\"index, follow, max-snippet:-1, max-image-preview:large, max-video-preview:-1\" \/>\n<link rel=\"canonical\" href=\"https:\/\/bestattungshaus-kunz.de\/?page_id=1889\" \/>\n<meta property=\"og:locale\" content=\"de_DE\" \/>\n<meta property=\"og:type\" content=\"article\" \/>\n<meta property=\"og:title\" content=\"DIE TOTENMASKE - Bestattungshaus Kunz\" \/>\n<meta property=\"og:url\" content=\"https:\/\/bestattungshaus-kunz.de\/?page_id=1889\" \/>\n<meta property=\"og:site_name\" content=\"Bestattungshaus Kunz\" \/>\n<meta property=\"article:modified_time\" content=\"2022-12-30T22:04:59+00:00\" \/>\n<meta name=\"twitter:card\" content=\"summary_large_image\" \/>\n<meta name=\"twitter:label1\" content=\"Gesch\u00e4tzte Lesezeit\" \/>\n\t<meta name=\"twitter:data1\" content=\"5\u00a0Minuten\" \/>\n<script type=\"application\/ld+json\" class=\"yoast-schema-graph\">{\"@context\":\"https:\\\/\\\/schema.org\",\"@graph\":[{\"@type\":\"WebPage\",\"@id\":\"https:\\\/\\\/bestattungshaus-kunz.de\\\/?page_id=1889\",\"url\":\"https:\\\/\\\/bestattungshaus-kunz.de\\\/?page_id=1889\",\"name\":\"DIE TOTENMASKE - Bestattungshaus Kunz\",\"isPartOf\":{\"@id\":\"https:\\\/\\\/bestattungshausk-5itylzmlos.live-website.com\\\/#website\"},\"datePublished\":\"2022-12-30T18:18:38+00:00\",\"dateModified\":\"2022-12-30T22:04:59+00:00\",\"breadcrumb\":{\"@id\":\"https:\\\/\\\/bestattungshaus-kunz.de\\\/?page_id=1889#breadcrumb\"},\"inLanguage\":\"de\",\"potentialAction\":[{\"@type\":\"ReadAction\",\"target\":[\"https:\\\/\\\/bestattungshaus-kunz.de\\\/?page_id=1889\"]}]},{\"@type\":\"BreadcrumbList\",\"@id\":\"https:\\\/\\\/bestattungshaus-kunz.de\\\/?page_id=1889#breadcrumb\",\"itemListElement\":[{\"@type\":\"ListItem\",\"position\":1,\"name\":\"Startseite\",\"item\":\"https:\\\/\\\/bestattungshaus-kunz.de\\\/\"},{\"@type\":\"ListItem\",\"position\":2,\"name\":\"THEMEN\",\"item\":\"https:\\\/\\\/bestattungshaus-kunz.de\\\/?page_id=1875\"},{\"@type\":\"ListItem\",\"position\":3,\"name\":\"DIE TOTENMASKE\"}]},{\"@type\":\"WebSite\",\"@id\":\"https:\\\/\\\/bestattungshausk-5itylzmlos.live-website.com\\\/#website\",\"url\":\"https:\\\/\\\/bestattungshausk-5itylzmlos.live-website.com\\\/\",\"name\":\"Bestattungshaus Kunz\",\"description\":\"Ihr professioneller Bestatter in Stuttgart\",\"potentialAction\":[{\"@type\":\"SearchAction\",\"target\":{\"@type\":\"EntryPoint\",\"urlTemplate\":\"https:\\\/\\\/bestattungshausk-5itylzmlos.live-website.com\\\/?s={search_term_string}\"},\"query-input\":{\"@type\":\"PropertyValueSpecification\",\"valueRequired\":true,\"valueName\":\"search_term_string\"}}],\"inLanguage\":\"de\"}]}<\/script>\n<!-- \/ Yoast SEO plugin. -->","yoast_head_json":{"title":"DIE TOTENMASKE - Bestattungshaus Kunz","robots":{"index":"index","follow":"follow","max-snippet":"max-snippet:-1","max-image-preview":"max-image-preview:large","max-video-preview":"max-video-preview:-1"},"canonical":"https:\/\/bestattungshaus-kunz.de\/?page_id=1889","og_locale":"de_DE","og_type":"article","og_title":"DIE TOTENMASKE - Bestattungshaus Kunz","og_url":"https:\/\/bestattungshaus-kunz.de\/?page_id=1889","og_site_name":"Bestattungshaus Kunz","article_modified_time":"2022-12-30T22:04:59+00:00","twitter_card":"summary_large_image","twitter_misc":{"Gesch\u00e4tzte Lesezeit":"5\u00a0Minuten"},"schema":{"@context":"https:\/\/schema.org","@graph":[{"@type":"WebPage","@id":"https:\/\/bestattungshaus-kunz.de\/?page_id=1889","url":"https:\/\/bestattungshaus-kunz.de\/?page_id=1889","name":"DIE TOTENMASKE - Bestattungshaus Kunz","isPartOf":{"@id":"https:\/\/bestattungshausk-5itylzmlos.live-website.com\/#website"},"datePublished":"2022-12-30T18:18:38+00:00","dateModified":"2022-12-30T22:04:59+00:00","breadcrumb":{"@id":"https:\/\/bestattungshaus-kunz.de\/?page_id=1889#breadcrumb"},"inLanguage":"de","potentialAction":[{"@type":"ReadAction","target":["https:\/\/bestattungshaus-kunz.de\/?page_id=1889"]}]},{"@type":"BreadcrumbList","@id":"https:\/\/bestattungshaus-kunz.de\/?page_id=1889#breadcrumb","itemListElement":[{"@type":"ListItem","position":1,"name":"Startseite","item":"https:\/\/bestattungshaus-kunz.de\/"},{"@type":"ListItem","position":2,"name":"THEMEN","item":"https:\/\/bestattungshaus-kunz.de\/?page_id=1875"},{"@type":"ListItem","position":3,"name":"DIE TOTENMASKE"}]},{"@type":"WebSite","@id":"https:\/\/bestattungshausk-5itylzmlos.live-website.com\/#website","url":"https:\/\/bestattungshausk-5itylzmlos.live-website.com\/","name":"Bestattungshaus Kunz","description":"Ihr professioneller Bestatter in Stuttgart","potentialAction":[{"@type":"SearchAction","target":{"@type":"EntryPoint","urlTemplate":"https:\/\/bestattungshausk-5itylzmlos.live-website.com\/?s={search_term_string}"},"query-input":{"@type":"PropertyValueSpecification","valueRequired":true,"valueName":"search_term_string"}}],"inLanguage":"de"}]}},"_links":{"self":[{"href":"https:\/\/bestattungshaus-kunz.de\/index.php?rest_route=\/wp\/v2\/pages\/1889","targetHints":{"allow":["GET"]}}],"collection":[{"href":"https:\/\/bestattungshaus-kunz.de\/index.php?rest_route=\/wp\/v2\/pages"}],"about":[{"href":"https:\/\/bestattungshaus-kunz.de\/index.php?rest_route=\/wp\/v2\/types\/page"}],"author":[{"embeddable":true,"href":"https:\/\/bestattungshaus-kunz.de\/index.php?rest_route=\/wp\/v2\/users\/4"}],"replies":[{"embeddable":true,"href":"https:\/\/bestattungshaus-kunz.de\/index.php?rest_route=%2Fwp%2Fv2%2Fcomments&post=1889"}],"version-history":[{"count":4,"href":"https:\/\/bestattungshaus-kunz.de\/index.php?rest_route=\/wp\/v2\/pages\/1889\/revisions"}],"predecessor-version":[{"id":1960,"href":"https:\/\/bestattungshaus-kunz.de\/index.php?rest_route=\/wp\/v2\/pages\/1889\/revisions\/1960"}],"up":[{"embeddable":true,"href":"https:\/\/bestattungshaus-kunz.de\/index.php?rest_route=\/wp\/v2\/pages\/1875"}],"wp:attachment":[{"href":"https:\/\/bestattungshaus-kunz.de\/index.php?rest_route=%2Fwp%2Fv2%2Fmedia&parent=1889"}],"curies":[{"name":"wp","href":"https:\/\/api.w.org\/{rel}","templated":true}]}}