{"id":1894,"date":"2022-12-30T18:26:20","date_gmt":"2022-12-30T18:26:20","guid":{"rendered":"https:\/\/bestattungshaus-kunz.de\/?page_id=1894"},"modified":"2022-12-30T22:05:18","modified_gmt":"2022-12-30T22:05:18","slug":"thanatologie","status":"publish","type":"page","link":"https:\/\/bestattungshaus-kunz.de\/?page_id=1894","title":{"rendered":"THANATOLOGIE"},"content":{"rendered":"\n<style type=\"text\/css\" data-created_by=\"avia_inline_auto\" id=\"style-css-av-dckjc-1a1250c06276249a93995de2caddde97\">\n.avia-section.av-dckjc-1a1250c06276249a93995de2caddde97{\nbackground-repeat:no-repeat;\nbackground-image:url(https:\/\/bestattungshaus-kunz.de\/wp-content\/uploads\/2022\/12\/k008.png);\nbackground-position:50% 0%;\nbackground-attachment:fixed;\n}\n.avia-section.av-dckjc-1a1250c06276249a93995de2caddde97 .av-section-color-overlay{\nopacity:0.4;\nbackground-color:#000000;\n}\n<\/style>\n<div id='av_section_1'  class='avia-section av-dckjc-1a1250c06276249a93995de2caddde97 main_color avia-section-no-padding avia-no-shadow  avia-builder-el-0  el_before_av_section  avia-builder-el-first  av-small-hide av-mini-hide avia-bg-style-fixed av-section-color-overlay-active container_wrap sidebar_right'  data-section-bg-repeat='no-repeat'><div class=\"av-section-color-overlay-wrap\"><div class=\"av-section-color-overlay\"><\/div><div class='container av-section-cont-open' ><main  role=\"main\" itemprop=\"mainContentOfPage\"  class='template-page content  av-content-small alpha units'><div class='post-entry post-entry-type-page post-entry-1894'><div class='entry-content-wrapper clearfix'>\n\n<style type=\"text\/css\" data-created_by=\"avia_inline_auto\" id=\"style-css-av-lcafnuf9-525ab6f87f3628fa999cd8f1c5b53baf\">\n#top .hr.hr-invisible.av-lcafnuf9-525ab6f87f3628fa999cd8f1c5b53baf{\nheight:250px;\n}\n<\/style>\n<div  class='hr av-lcafnuf9-525ab6f87f3628fa999cd8f1c5b53baf hr-invisible  avia-builder-el-1  avia-builder-el-no-sibling '><span class='hr-inner '><span class=\"hr-inner-style\"><\/span><\/span><\/div>\n\n<\/div><\/div><\/main><!-- close content main element --><\/div><\/div><\/div><div id='av_section_2'  class='avia-section av-bjj6g-122bb503c8739255451586dcd36f2640 main_color avia-section-small avia-no-border-styling  avia-builder-el-2  el_after_av_section  avia-builder-el-last  avia-bg-style-fixed container_wrap sidebar_right'  ><div class='container av-section-cont-open' ><div class='template-page content  av-content-small alpha units'><div class='post-entry post-entry-type-page post-entry-1894'><div class='entry-content-wrapper clearfix'>\n<div class='flex_column_table av-b9tes-10d5cd6bb92f65a2d485d0b1f15e2e39 sc-av_two_third av-equal-height-column-flextable'>\n<style type=\"text\/css\" data-created_by=\"avia_inline_auto\" id=\"style-css-av-b9tes-10d5cd6bb92f65a2d485d0b1f15e2e39\">\n#top .flex_column_table.av-equal-height-column-flextable.av-b9tes-10d5cd6bb92f65a2d485d0b1f15e2e39{\nmargin-top:-60px;\nmargin-bottom:0px;\n}\n.flex_column.av-b9tes-10d5cd6bb92f65a2d485d0b1f15e2e39{\n-webkit-border-radius:0px 0px 0px 0px;\n-moz-border-radius:0px 0px 0px 0px;\nborder-radius:0px 0px 0px 0px;\npadding:30px 30px 30px 30px;\nbackground-color:#ffffff;\n}\n<\/style>\n<div class='flex_column av-b9tes-10d5cd6bb92f65a2d485d0b1f15e2e39 av_two_third  avia-builder-el-3  el_before_av_one_third  avia-builder-el-first  first no_margin flex_column_table_cell av-equal-height-column av-align-top '     ><p>\n<style type=\"text\/css\" data-created_by=\"avia_inline_auto\" id=\"style-css-av-aei90-2760d210b922fbbcd137528b26a094da\">\n#top .av-special-heading.av-aei90-2760d210b922fbbcd137528b26a094da{\npadding-bottom:0;\ncolor:#719430;\n}\nbody .av-special-heading.av-aei90-2760d210b922fbbcd137528b26a094da .av-special-heading-tag .heading-char{\nfont-size:25px;\n}\n.av-special-heading.av-aei90-2760d210b922fbbcd137528b26a094da .special-heading-inner-border{\nborder-color:#719430;\n}\n.av-special-heading.av-aei90-2760d210b922fbbcd137528b26a094da .av-subheading{\nfont-size:15px;\n}\n<\/style>\n<div  class='av-special-heading av-aei90-2760d210b922fbbcd137528b26a094da av-special-heading-h2 custom-color-heading blockquote modern-quote  avia-builder-el-4  el_before_av_hr  avia-builder-el-first '><h2 class='av-special-heading-tag'  itemprop=\"headline\"  >THANATOLOGIE (EINBALSAMIERUNG)<\/h2><div class=\"special-heading-border\"><div class=\"special-heading-inner-border\"><\/div><\/div><\/div><br \/>\n\n<style type=\"text\/css\" data-created_by=\"avia_inline_auto\" id=\"style-css-av-lcafywtw-0166d7f95a91cbbd2290cf76fdb2f6e8\">\n#top .hr.hr-invisible.av-lcafywtw-0166d7f95a91cbbd2290cf76fdb2f6e8{\nheight:20px;\n}\n<\/style>\n<div  class='hr av-lcafywtw-0166d7f95a91cbbd2290cf76fdb2f6e8 hr-invisible  avia-builder-el-5  el_after_av_heading  el_before_av_textblock '><span class='hr-inner '><span class=\"hr-inner-style\"><\/span><\/span><\/div><br \/>\n\n<style type=\"text\/css\" data-created_by=\"avia_inline_auto\" id=\"style-css-av-8mjuw-def066b50937527a01bdb5d7b082061e\">\n#top .av_textblock_section.av-8mjuw-def066b50937527a01bdb5d7b082061e .avia_textblock{\ncolor:#000000;\n}\n<\/style>\n<section  class='av_textblock_section av-8mjuw-def066b50937527a01bdb5d7b082061e'  itemscope=\"itemscope\" itemtype=\"https:\/\/schema.org\/CreativeWork\" ><div class='avia_textblock av_inherit_color'  itemprop=\"text\" ><p>Damit wir diesen wichtigen Dienst am Verstorbenen aus\u00fcben k\u00f6nnen hat mein Sohn Mark Oliver Kunz im Jahre 2005 die Ausbildung zum Thanatologen beim Verband Dienstleistender Thanatologen e.V. absolviert.<\/p>\n<p>Die Zeit der Ausbildung war ihm mehr als lehrreich und wie in jeder Ausbildung war der Lernstoff sehr umfangreich. Das Erlernte konnte er dann bei seinen Auslandsaufenthalten in Irland umsetzten. Dort wird die Thanatologie (Embalming) bei fast jedem Verstorbenen angewandt. Aus diesem Grund fand die Praktische Ausbildung und Pr\u00fcfung auch in Dublin\/Irland statt.<\/p>\n<p>Der Tod eines nahestehenden Menschen ist ein Abschied f\u00fcr immer. Ein Abschied, der vielen unendlich schwer f\u00e4llt. Dabei spielt es zumeist keine Rolle, ob der Tod pl\u00f6tzlich und unerwartet, oder am Ende einer langen Krankheitsperiode eingetreten ist. Zur\u00fcck bleiben trauernde Familienmitglieder und Freunde, die oftmals vor einer F\u00fclle von Schmerz und Leid stehen.<\/p>\n<p>Im Mittelpunkt einer jeden Trauerbew\u00e4ltigung steht der bewusste Umgang mit dem Tod, des erlittenen Verlustes. Trauerbegleiter und Therapeuten sind sich dar\u00fcber einig, dass eine Auseinandersetzung mit dem Tod notwendig ist, damit die Bew\u00e4ltigung der Trauer erfolgen kann. Vielen Hinterbliebenen fehlt allerdings der Mut, dem Verstorbenen von Angesicht zu Angesicht, ein letztes Mal gegen\u00fcber zu treten. Zu gro\u00df ist die Angst vor einem m\u00f6glicherweise erschreckenden Anblick.<\/p>\n<p>Doch der erfahrene Bestatter wei\u00df, dass gerade in der stillen Einkehr am offenen Sarg, f\u00fcr viele Menschen, ein wichtiger Schritt auf der Suche nach dem inneren Trost sein kann. Hier wird der Tod begreifbar und kann auch seinen Schrecken verlieren, wenn der Hinterbliebene sieht, dass der geliebte Mensch seinen Frieden gefunden hat.<\/p>\n<p>Bleibt ein Sarg verschlossen, wird den Hinterbliebenen zumeist eine wichtige M\u00f6glichkeit in Richtung Trauerbew\u00e4ltigung genommen. Oftmals wird den Angeh\u00f6rigen leider sogar empfohlen, den Verstorbenen so in Erinnerung zu halten, wie er zu Lebzeiten war. Da der Tod und die Auseinandersetzung mit ihm, in unserem heutigen Bewusstsein stark verdr\u00e4ngt, Hausaufbahrungen kaum noch gemacht werden und viele Menschen erst wenn sie pers\u00f6nlich von einem Trauerfall betroffen sind, damit in Kontakt kommen, ist die Furcht vor erschreckenden Erlebnissen gro\u00df.<\/p>\n<p>Dabei muss das nicht sein. In einer w\u00fcrdevollen und angenehmen Umgebung kann der Tod im Rahmen einer offenen Aufbahrung schon viel von seinen Schrecken verlieren. Und selbst nach einer langen, schlimmen Krankheit oder einem pl\u00f6tzlichen Unfalltod hat ein Bestatter die M\u00f6glichkeit den Angeh\u00f6rigen zu helfen und eine Abschiednahme ohne Schrecken m\u00f6glich zu machen, in dem er einen Thanatologen um Hilfe bittet. Der Beruf des Thanatologen ist in unserer Gesellschaft leider weitestgehend unbekannt. Dabei ist oftmals er es, der dem Bestatter hilft, damit dieser im Umgang mit dem Verstorbenen den Grundstock f\u00fcr die Trauerbarbeit legen kann.<\/p>\n<p>Er erm\u00f6glicht die offene Aufbahrung bis zum Bestattungstag, auch \u00fcber einen l\u00e4ngeren Zeitraum ohne Einschr\u00e4nkung. Mit der sogenannten pr\u00e4ventiven Behandlung eines Verstorbenen wird allerdings nicht beabsichtigt, den Leichnam f\u00fcr die Ewigkeit zu konservieren, sondern ihn bis zur Bestattung in einer dem Verstorbenen w\u00fcrdigen Weise zu bewahren.<\/p>\n<p>W\u00e4hrend des Lebens verhindern die nat\u00fcrlichen Abwehrkr\u00e4fte des Menschen die Ausbreitung von Mikroorganismen, die sich nach seinem Tode vermehren und die Ver\u00e4nderung eines Leichnams verursachen. Das f\u00fchrt dann zu den unangenehmen Begleiterscheinungen, die oftmals eine offene Aufbahrung bei ung\u00fcnstigen Voraussetzungen unm\u00f6glich machen. Durch die Injektion einer pr\u00e4servierenden Fl\u00fcssigkeit in das Arteriensystem, die auch bakterient\u00f6tend wirkt und ein antiseptisches Milieu schafft, erwirkt ein Thanatologe, dass diese Begleiterscheinungen gar nicht erst auftreten. Es werden bei dieser modernen Behandlungsmethode keine inneren Organe entfernt oder noch weitergehende Ver\u00e4nderungen am K\u00f6rper eines Verstorbenen vorgenommen.<\/p>\n<p>Auch bei Verstorben die in folge eines Unfalles verstorben sind leistet ein Thanatologe wertvolle Hilfe. Teil seines Studiums sind rekonstruktive\/wiederherstellende Ma\u00dfnahmen. Mit seinen Kenntnissen ist es ihm m\u00f6glich die schrecklichen Spuren eines Unfalls so zu mildern, dass eine Abschiednahme f\u00fcr die Angeh\u00f6rigen m\u00f6glich ist. Gerade wenn junge Menschen so mitten aus dem Leben gerissen werden, hat es sich gezeigt, dass der Tod f\u00fcr die Familien erst dann wirklich begreifbar und erfahrbar wurde, wenn sie die M\u00f6glichkeit der Abschiednahme tats\u00e4chlich und in vollem Umfang hatten. Erst dann setzt wirklich eine echte Trauerbew\u00e4ltigung ein. Bestattungen finden in der heutigen mobilen Zeit auch nicht immer innerhalb weniger Tage statt. Zu weit sind die Entfernungen geworden, in denen die Familien, zum Teil berufsbedingt, zu einander leben. Die Kenntnisse und Fertigkeiten eines Thanatologen erm\u00f6glichen es dem Bestatter, Terminplanungen f\u00fcr Beisetzungen ganz den W\u00fcnschen der Angeh\u00f6rigen anzupassen, damit auch jedes Familienmitglied die M\u00f6glichkeit zur Wahrung einer Tradition hat, Verstorbenen die letzte Ehre zu erweisen.<\/p>\n<p>Diesen Dienst bieten wir auch anderen Bestattern an, die unsere Hilfe schon oft in Anspruch genommen haben.<\/p>\n<p>Wenn Sie Fragen bzgl. der Thanatologie haben, stehen wir Ihnen gerne telefonisch oder pers\u00f6nlich zur Verf\u00fcgung.<\/p>\n<\/div><\/section><\/p><\/div>\n<style type=\"text\/css\" data-created_by=\"avia_inline_auto\" id=\"style-css-av-3zhns-42e0f7f01684b66eac296dcf27f0f361\">\n#top .flex_column_table.av-equal-height-column-flextable.av-3zhns-42e0f7f01684b66eac296dcf27f0f361{\nmargin-top:-60px;\nmargin-bottom:0px;\n}\n.flex_column.av-3zhns-42e0f7f01684b66eac296dcf27f0f361{\n-webkit-border-radius:0px 0px 0px 0px;\n-moz-border-radius:0px 0px 0px 0px;\nborder-radius:0px 0px 0px 0px;\npadding:30px 30px 30px 30px;\nbackground-color:#f0f0f0;\n}\n<\/style>\n<div class='flex_column av-3zhns-42e0f7f01684b66eac296dcf27f0f361 av_one_third  avia-builder-el-7  el_after_av_two_third  avia-builder-el-last  no_margin flex_column_table_cell av-equal-height-column av-align-top '     ><p><div  class='avia-builder-widget-area clearfix  avia-builder-el-8  el_before_av_sidebar  avia-builder-el-first '><div id=\"text-3\" class=\"widget clearfix widget_text\"><h3 class=\"widgettitle\">24 STUNDEN ERREICHBAR<\/h3>\t\t\t<div class=\"textwidget\"><p>Familie Kunz Bestattungshaus<br \/>\nGablenberger Hauptstra\u00dfe 18<br \/>\n70186 Stuttgart<\/p>\n<p>Tel.: <a href=\"tel:+490711240153\">+49 (0) 0711 \/ 24 01 53<\/a><br \/>\nE-Mail: <a href=\"mailto:info@bestattungshaus-kunz.de\">info@bestattungshaus-kunz.de<\/a><\/p>\n<\/div>\n\t\t<\/div><\/div><br \/>\n<div  class='avia-builder-widget-area clearfix  avia-builder-el-9  el_after_av_sidebar  el_before_av_sidebar '><div id=\"text-4\" class=\"widget clearfix widget_text\"><h3 class=\"widgettitle\">Zuh\u00f6ren. Mitf\u00fchlen. Beraten.<\/h3>\t\t\t<div class=\"textwidget\"><p>\u00bb Beratung<br \/>\n\u00bb Betreuung<br \/>\n\u00bb Begleitung<\/p>\n<p>Ausgebildete Thanatologen<br \/>\nVorsorge Experten<\/p>\n<\/div>\n\t\t<\/div><\/div><br \/>\n<div  class='avia-builder-widget-area clearfix  avia-builder-el-10  el_after_av_sidebar  avia-builder-el-last '><div id=\"media_image-2\" class=\"widget clearfix widget_media_image\"><img loading=\"lazy\" decoding=\"async\" width=\"158\" height=\"150\" src=\"https:\/\/bestattungshaus-kunz.de\/wp-content\/uploads\/2022\/12\/blatt-transparent.png\" class=\"image wp-image-1783  attachment-full size-full\" alt=\"\" style=\"max-width: 100%; height: auto;\" \/><\/div><\/div><\/p><\/div><\/div><!--close column table wrapper. Autoclose: 1 -->\n<\/div><\/div><\/div><!-- close content main div --><\/div><\/div><div id='after_section_2'  class='main_color av_default_container_wrap container_wrap sidebar_right'  ><div class='container av-section-cont-open' ><div class='template-page content  av-content-small alpha units'><div class='post-entry post-entry-type-page post-entry-1894'><div class='entry-content-wrapper clearfix'>\n","protected":false},"excerpt":{"rendered":"","protected":false},"author":4,"featured_media":0,"parent":1875,"menu_order":0,"comment_status":"open","ping_status":"closed","template":"","meta":{"footnotes":""},"class_list":["post-1894","page","type-page","status-publish","hentry"],"yoast_head":"<!-- This site is optimized with the Yoast SEO plugin v27.5 - https:\/\/yoast.com\/product\/yoast-seo-wordpress\/ -->\n<title>THANATOLOGIE - Bestattungshaus Kunz<\/title>\n<meta name=\"robots\" content=\"index, follow, max-snippet:-1, max-image-preview:large, max-video-preview:-1\" \/>\n<link rel=\"canonical\" href=\"https:\/\/bestattungshaus-kunz.de\/?page_id=1894\" \/>\n<meta property=\"og:locale\" content=\"de_DE\" \/>\n<meta property=\"og:type\" content=\"article\" \/>\n<meta property=\"og:title\" content=\"THANATOLOGIE - Bestattungshaus Kunz\" \/>\n<meta property=\"og:url\" content=\"https:\/\/bestattungshaus-kunz.de\/?page_id=1894\" \/>\n<meta property=\"og:site_name\" content=\"Bestattungshaus Kunz\" \/>\n<meta property=\"article:modified_time\" content=\"2022-12-30T22:05:18+00:00\" \/>\n<meta name=\"twitter:card\" content=\"summary_large_image\" \/>\n<meta name=\"twitter:label1\" content=\"Gesch\u00e4tzte Lesezeit\" \/>\n\t<meta name=\"twitter:data1\" content=\"6\u00a0Minuten\" \/>\n<script type=\"application\/ld+json\" class=\"yoast-schema-graph\">{\"@context\":\"https:\\\/\\\/schema.org\",\"@graph\":[{\"@type\":\"WebPage\",\"@id\":\"https:\\\/\\\/bestattungshaus-kunz.de\\\/?page_id=1894\",\"url\":\"https:\\\/\\\/bestattungshaus-kunz.de\\\/?page_id=1894\",\"name\":\"THANATOLOGIE - Bestattungshaus Kunz\",\"isPartOf\":{\"@id\":\"https:\\\/\\\/bestattungshausk-5itylzmlos.live-website.com\\\/#website\"},\"datePublished\":\"2022-12-30T18:26:20+00:00\",\"dateModified\":\"2022-12-30T22:05:18+00:00\",\"breadcrumb\":{\"@id\":\"https:\\\/\\\/bestattungshaus-kunz.de\\\/?page_id=1894#breadcrumb\"},\"inLanguage\":\"de\",\"potentialAction\":[{\"@type\":\"ReadAction\",\"target\":[\"https:\\\/\\\/bestattungshaus-kunz.de\\\/?page_id=1894\"]}]},{\"@type\":\"BreadcrumbList\",\"@id\":\"https:\\\/\\\/bestattungshaus-kunz.de\\\/?page_id=1894#breadcrumb\",\"itemListElement\":[{\"@type\":\"ListItem\",\"position\":1,\"name\":\"Startseite\",\"item\":\"https:\\\/\\\/bestattungshaus-kunz.de\\\/\"},{\"@type\":\"ListItem\",\"position\":2,\"name\":\"THEMEN\",\"item\":\"https:\\\/\\\/bestattungshaus-kunz.de\\\/?page_id=1875\"},{\"@type\":\"ListItem\",\"position\":3,\"name\":\"THANATOLOGIE\"}]},{\"@type\":\"WebSite\",\"@id\":\"https:\\\/\\\/bestattungshausk-5itylzmlos.live-website.com\\\/#website\",\"url\":\"https:\\\/\\\/bestattungshausk-5itylzmlos.live-website.com\\\/\",\"name\":\"Bestattungshaus Kunz\",\"description\":\"Ihr professioneller Bestatter in Stuttgart\",\"potentialAction\":[{\"@type\":\"SearchAction\",\"target\":{\"@type\":\"EntryPoint\",\"urlTemplate\":\"https:\\\/\\\/bestattungshausk-5itylzmlos.live-website.com\\\/?s={search_term_string}\"},\"query-input\":{\"@type\":\"PropertyValueSpecification\",\"valueRequired\":true,\"valueName\":\"search_term_string\"}}],\"inLanguage\":\"de\"}]}<\/script>\n<!-- \/ Yoast SEO plugin. -->","yoast_head_json":{"title":"THANATOLOGIE - Bestattungshaus Kunz","robots":{"index":"index","follow":"follow","max-snippet":"max-snippet:-1","max-image-preview":"max-image-preview:large","max-video-preview":"max-video-preview:-1"},"canonical":"https:\/\/bestattungshaus-kunz.de\/?page_id=1894","og_locale":"de_DE","og_type":"article","og_title":"THANATOLOGIE - Bestattungshaus Kunz","og_url":"https:\/\/bestattungshaus-kunz.de\/?page_id=1894","og_site_name":"Bestattungshaus Kunz","article_modified_time":"2022-12-30T22:05:18+00:00","twitter_card":"summary_large_image","twitter_misc":{"Gesch\u00e4tzte Lesezeit":"6\u00a0Minuten"},"schema":{"@context":"https:\/\/schema.org","@graph":[{"@type":"WebPage","@id":"https:\/\/bestattungshaus-kunz.de\/?page_id=1894","url":"https:\/\/bestattungshaus-kunz.de\/?page_id=1894","name":"THANATOLOGIE - Bestattungshaus Kunz","isPartOf":{"@id":"https:\/\/bestattungshausk-5itylzmlos.live-website.com\/#website"},"datePublished":"2022-12-30T18:26:20+00:00","dateModified":"2022-12-30T22:05:18+00:00","breadcrumb":{"@id":"https:\/\/bestattungshaus-kunz.de\/?page_id=1894#breadcrumb"},"inLanguage":"de","potentialAction":[{"@type":"ReadAction","target":["https:\/\/bestattungshaus-kunz.de\/?page_id=1894"]}]},{"@type":"BreadcrumbList","@id":"https:\/\/bestattungshaus-kunz.de\/?page_id=1894#breadcrumb","itemListElement":[{"@type":"ListItem","position":1,"name":"Startseite","item":"https:\/\/bestattungshaus-kunz.de\/"},{"@type":"ListItem","position":2,"name":"THEMEN","item":"https:\/\/bestattungshaus-kunz.de\/?page_id=1875"},{"@type":"ListItem","position":3,"name":"THANATOLOGIE"}]},{"@type":"WebSite","@id":"https:\/\/bestattungshausk-5itylzmlos.live-website.com\/#website","url":"https:\/\/bestattungshausk-5itylzmlos.live-website.com\/","name":"Bestattungshaus Kunz","description":"Ihr professioneller Bestatter in Stuttgart","potentialAction":[{"@type":"SearchAction","target":{"@type":"EntryPoint","urlTemplate":"https:\/\/bestattungshausk-5itylzmlos.live-website.com\/?s={search_term_string}"},"query-input":{"@type":"PropertyValueSpecification","valueRequired":true,"valueName":"search_term_string"}}],"inLanguage":"de"}]}},"_links":{"self":[{"href":"https:\/\/bestattungshaus-kunz.de\/index.php?rest_route=\/wp\/v2\/pages\/1894","targetHints":{"allow":["GET"]}}],"collection":[{"href":"https:\/\/bestattungshaus-kunz.de\/index.php?rest_route=\/wp\/v2\/pages"}],"about":[{"href":"https:\/\/bestattungshaus-kunz.de\/index.php?rest_route=\/wp\/v2\/types\/page"}],"author":[{"embeddable":true,"href":"https:\/\/bestattungshaus-kunz.de\/index.php?rest_route=\/wp\/v2\/users\/4"}],"replies":[{"embeddable":true,"href":"https:\/\/bestattungshaus-kunz.de\/index.php?rest_route=%2Fwp%2Fv2%2Fcomments&post=1894"}],"version-history":[{"count":3,"href":"https:\/\/bestattungshaus-kunz.de\/index.php?rest_route=\/wp\/v2\/pages\/1894\/revisions"}],"predecessor-version":[{"id":1961,"href":"https:\/\/bestattungshaus-kunz.de\/index.php?rest_route=\/wp\/v2\/pages\/1894\/revisions\/1961"}],"up":[{"embeddable":true,"href":"https:\/\/bestattungshaus-kunz.de\/index.php?rest_route=\/wp\/v2\/pages\/1875"}],"wp:attachment":[{"href":"https:\/\/bestattungshaus-kunz.de\/index.php?rest_route=%2Fwp%2Fv2%2Fmedia&parent=1894"}],"curies":[{"name":"wp","href":"https:\/\/api.w.org\/{rel}","templated":true}]}}